{"id":19125,"date":"2023-06-24T22:04:22","date_gmt":"2023-06-24T22:04:22","guid":{"rendered":"https:\/\/buyfromcostarica.com\/contactenos\/"},"modified":"2023-06-25T02:45:33","modified_gmt":"2023-06-25T02:45:33","slug":"contact-us","status":"publish","type":"page","link":"https:\/\/buyfromcostarica.com\/en\/contact-us\/","title":{"rendered":"Contact Us"},"content":{"rendered":"<div class=\"forminator-ui forminator-custom-form forminator-custom-form-19081 forminator-design--default  forminator_ajax\" data-forminator-render=\"0\" data-form=\"forminator-module-19081\" data-uid=\"69d7cbf21a8d3\"><br\/><\/div><form\n\t\t\t\tid=\"forminator-module-19081\"\n\t\t\t\tclass=\"forminator-ui forminator-custom-form forminator-custom-form-19081 forminator-design--default  forminator_ajax\"\n\t\t\t\tmethod=\"post\"\n\t\t\t\tdata-forminator-render=\"0\"\n\t\t\t\tdata-form-id=\"19081\"\n\t\t\t\t\n\t\t\t\tdata-design=\"default\"\n\t\t\t\t\n\t\t\t\t\n\t\t\t\t\n\t\t\t\tdata-grid=\"open\"\n\t\t\t\t\n\t\t\t\t\n\t\t\t\tstyle=\"display: none;\"\n\t\t\t\t\n\t\t\t\tdata-uid=\"69d7cbf21a8d3\"\n\t\t\t><div role=\"alert\" aria-live=\"polite\" class=\"forminator-response-message forminator-error\" aria-hidden=\"true\"><\/div><div class=\"forminator-row\"><div id=\"name-1\" class=\"forminator-col forminator-col-12 \"><div class=\"forminator-field\"><label for=\"forminator-field-name-1_69d7cbf21a8d3\" class=\"forminator-label\" id=\"forminator-field-name-1_69d7cbf21a8d3-label\">First Name<\/label><input type=\"text\" name=\"name-1\" value=\"\" placeholder=\"\" id=\"forminator-field-name-1_69d7cbf21a8d3\" class=\"forminator-input forminator-name--field\" aria-required=\"false\" \/><\/div><\/div><\/div><div class=\"forminator-row\"><div id=\"email-1\" class=\"forminator-col forminator-col-12 \"><div class=\"forminator-field\"><label for=\"forminator-field-email-1_69d7cbf21a8d3\" class=\"forminator-label\" id=\"forminator-field-email-1_69d7cbf21a8d3-label\">E-mail address<\/label><input type=\"email\" name=\"email-1\" value=\"\" placeholder=\"\" id=\"forminator-field-email-1_69d7cbf21a8d3\" class=\"forminator-input forminator-email--field\" data-required=\"\" aria-required=\"false\" \/><\/div><\/div><\/div><div class=\"forminator-row\"><div id=\"phone-1\" class=\"forminator-col forminator-col-12 \"><div class=\"forminator-field\"><label for=\"forminator-field-phone-1_69d7cbf21a8d3\" class=\"forminator-label\" id=\"forminator-field-phone-1_69d7cbf21a8d3-label\">Phone Number<\/label><input type=\"text\" name=\"phone-1\" value=\"\" placeholder=\"\" id=\"forminator-field-phone-1_69d7cbf21a8d3\" class=\"forminator-input forminator-field--phone\" data-required=\"\" aria-required=\"false\" autocomplete=\"off\" \/><\/div><\/div><\/div><div class=\"forminator-row\"><div id=\"text-1\" class=\"forminator-col forminator-col-12 \"><div class=\"forminator-field\"><label for=\"forminator-field-text-1_69d7cbf21a8d3\" class=\"forminator-label\" id=\"forminator-field-text-1_69d7cbf21a8d3-label\">Company<\/label><input type=\"text\" name=\"text-1\" value=\"\" placeholder=\"\" id=\"forminator-field-text-1_69d7cbf21a8d3\" class=\"forminator-input forminator-name--field\" data-required=\"\" \/><\/div><\/div><\/div><div class=\"forminator-row\"><div id=\"select-2\" class=\"forminator-col forminator-col-12 \"><div class=\"forminator-field\"><label for=\"forminator-form-19081__field--select-2_69d7cbf21a8d3\" id=\"forminator-form-19081__field--select-2_69d7cbf21a8d3-label\" class=\"forminator-label\">Profile<\/label><select id=\"forminator-form-19081__field--select-2_69d7cbf21a8d3\" class=\"forminator-select--field forminator-select2\" data-required=\"\" name=\"select-2\" data-default-value=\"\" data-hidden-behavior=\"zero\" data-placeholder=\"Profile\" data-search=\"false\" aria-labelledby=\"forminator-form-19081__field--select-2_69d7cbf21a8d3-label\" aria-describedby=\"forminator-form-19081__field--select-2_69d7cbf21a8d3-description\"><option value=\"\">Profile<\/option><option value=\"Buyer\"  data-calculation=\"0\">Buyer<\/option><option value=\"Exporter\"  data-calculation=\"0\">Exporter<\/option><\/select><\/div><\/div><\/div><div class=\"forminator-row\"><div id=\"select-3\" class=\"forminator-col forminator-col-12 \"><div class=\"forminator-field\"><label for=\"forminator-form-19081__field--select-3_69d7cbf21a8d3\" id=\"forminator-form-19081__field--select-3_69d7cbf21a8d3-label\" class=\"forminator-label\">Main productive sector to which the company belongs<\/label><select id=\"forminator-form-19081__field--select-3_69d7cbf21a8d3\" class=\"forminator-select--field forminator-select2\" data-required=\"\" name=\"select-3\" data-default-value=\"\" data-hidden-behavior=\"zero\" data-placeholder=\"Main productive sector to which the company belongs\" data-search=\"false\" aria-labelledby=\"forminator-form-19081__field--select-3_69d7cbf21a8d3-label\" aria-describedby=\"forminator-form-19081__field--select-3_69d7cbf21a8d3-description\"><option value=\"\">Main productive sector to which the company belongs<\/option><option value=\"a0h41000001b5JFAAY\"  data-calculation=\"0\">Food Industry<\/option><option value=\"a0h41000001b5JIAAY\"  data-calculation=\"0\">Agriculture<\/option><option value=\"a0h41000001b5JHAAY\"  data-calculation=\"0\">Specialized Industries<\/option><option value=\"a0h41000001b5JGAAY\"  data-calculation=\"0\">Services<\/option><\/select><\/div><\/div><\/div><div class=\"forminator-row\"><div id=\"select-1\" class=\"forminator-col forminator-col-12 \"><div class=\"forminator-field\"><label for=\"forminator-form-19081__field--select-1_69d7cbf21a8d3\" id=\"forminator-form-19081__field--select-1_69d7cbf21a8d3-label\" class=\"forminator-label\">Country<\/label><select id=\"forminator-form-19081__field--select-1_69d7cbf21a8d3\" class=\"forminator-select--field forminator-select2\" data-required=\"\" name=\"select-1\" data-default-value=\"\" data-hidden-behavior=\"zero\" data-placeholder=\"\" data-search=\"true\" aria-labelledby=\"forminator-form-19081__field--select-1_69d7cbf21a8d3-label\" aria-describedby=\"forminator-form-19081__field--select-1_69d7cbf21a8d3-description\"><option value=\"a0W41000002QZ67EAG\"  data-calculation=\"0\">Argelia<\/option><option value=\"a0W41000002QZ68EAG\"  data-calculation=\"0\">Andorra<\/option><option value=\"a0W41000002QZ69EAG\"  data-calculation=\"0\">Angola<\/option><option value=\"a0W41000002QZ6AEAW\"  data-calculation=\"0\">Antigua Y Barbuda<\/option><option value=\"a0W41000002QZ6BEAW\"  data-calculation=\"0\">Argentina<\/option><option value=\"a0W41000002QZ6CEAW\"  data-calculation=\"0\">Australia<\/option><option value=\"a0W41000002QZ6DEAW\"  data-calculation=\"0\">Austria<\/option><option value=\"a0W41000002QZ6EEAW\"  data-calculation=\"0\">Bahamas<\/option><option value=\"a0W41000002QZ6FEAW\"  data-calculation=\"0\">Bahrein<\/option><option value=\"a0W41000002QZ6GEAW\"  data-calculation=\"0\">Bangladesh<\/option><option value=\"a0W41000002QZ6HEAW\"  data-calculation=\"0\">Armenia<\/option><option value=\"a0W41000002QZ6IEAW\"  data-calculation=\"0\">Barbados<\/option><option value=\"a0W41000002QZ6JEAW\"  data-calculation=\"0\">B\u00e9lgica<\/option><option value=\"a0W41000002QZ6KEAW\"  data-calculation=\"0\">Bermudas<\/option><option value=\"a0W41000002QZ6LEAW\"  data-calculation=\"0\">Bolivia<\/option><option value=\"a0W41000002QZ6MEAW\"  data-calculation=\"0\">Bosnia y Herzegovina<\/option><option value=\"a0W41000002QZ6NEAW\"  data-calculation=\"0\">Brasil<\/option><option value=\"a0W41000002QZ6OEAW\"  data-calculation=\"0\">Belice<\/option><option value=\"a0W41000002QZ6PEAW\"  data-calculation=\"0\">Territorio Brit\u00e1nico del Oc\u00e9ano \u00cdndico<\/option><option value=\"a0W41000002QZ6QEAW\"  data-calculation=\"0\">Islas V\u00edrgenes Brit\u00e1nicas<\/option><option value=\"a0W41000002QZ6REAW\"  data-calculation=\"0\">Bulgaria<\/option><option value=\"a0W41000002QZ6SEAW\"  data-calculation=\"0\">Myanmar Birmania<\/option><option value=\"a0W41000002QZ6TEAW\"  data-calculation=\"0\">Burundi<\/option><option value=\"a0W41000002QZ6UEAW\"  data-calculation=\"0\">Bielarus<\/option><option value=\"a0W41000002QZ6VEAW\"  data-calculation=\"0\">Camboya<\/option><option value=\"a0W41000002QZ6WEAW\"  data-calculation=\"0\">Camer\u00fan<\/option><option value=\"a0W41000002QZ6XEAW\"  data-calculation=\"0\">Canad\u00e1<\/option><option value=\"a0W41000002QZ6YEAW\"  data-calculation=\"0\">Isla Caim\u00e1n<\/option><option value=\"a0W41000002QZ6ZEAW\"  data-calculation=\"0\">Rep\u00fablica Centroafricana<\/option><option value=\"a0W41000002QZ6aEAG\"  data-calculation=\"0\">Sri Lanka<\/option><option value=\"a0W41000002QZ6bEAG\"  data-calculation=\"0\">Chad<\/option><option value=\"a0W41000002QZ6cEAG\"  data-calculation=\"0\">Chile<\/option><option value=\"a0W41000002QZ6dEAG\"  data-calculation=\"0\">China<\/option><option value=\"a0W41000002QZ8AEAW\"  data-calculation=\"0\">Pakist\u00e1n<\/option><option value=\"a0W41000002QZ8BEAW\"  data-calculation=\"0\">Panam\u00e1<\/option><option value=\"a0W41000002QZ8CEAW\"  data-calculation=\"0\">Papua Nueva Guinea<\/option><option value=\"a0W41000002QZ8DEAW\"  data-calculation=\"0\">Paraguay<\/option><option value=\"a0W41000002QZ8EEAW\"  data-calculation=\"0\">Per\u00fa<\/option><option value=\"a0W41000002QZ8FEAW\"  data-calculation=\"0\">Filipinas<\/option><option value=\"a0W41000002QZ8GEAW\"  data-calculation=\"0\">Isla Pitcairn<\/option><option value=\"a0W41000002QZ8HEAW\"  data-calculation=\"0\">Polonia<\/option><option value=\"a0W41000002QZ8IEAW\"  data-calculation=\"0\">Portugal<\/option><option value=\"a0W41000002QZ8JEAW\"  data-calculation=\"0\">PuertoRico<\/option><option value=\"a0W41000002QZ8KEAW\"  data-calculation=\"0\">Qatar<\/option><option value=\"a0W41000002QZ8LEAW\"  data-calculation=\"0\">Reunion Islas<\/option><option value=\"a0W41000002QZ8MEAW\"  data-calculation=\"0\">Rumania<\/option><option value=\"a0W41000002QZ8NEAW\"  data-calculation=\"0\">Rusia<\/option><option value=\"a0W41000002QZ8OEAW\"  data-calculation=\"0\">Ruanda<\/option><option value=\"a0W41000002QZ8PEAW\"  data-calculation=\"0\">Isla Santa Elena<\/option><option value=\"a0W41000002QZ8QEAW\"  data-calculation=\"0\">San Cristobal - Nevis (St.Kitts)<\/option><option value=\"a0W41000002QZ8REAW\"  data-calculation=\"0\">Isla Anguilla<\/option><option value=\"a0W41000002QZ8SEAW\"  data-calculation=\"0\">Isla Santa Lucia<\/option><option value=\"a0W41000002QZ8TEAW\"  data-calculation=\"0\">Islas San Vicente y Granadinas<\/option><option value=\"a0W41000002QZ8UEAW\"  data-calculation=\"0\">Santo Tom\u00e9 y Principe<\/option><option value=\"a0W41000002QZ8VEAW\"  data-calculation=\"0\">Arabia Saudita<\/option><option value=\"a0W41000002QZ8WEAW\"  data-calculation=\"0\">Senegal<\/option><option value=\"a0W41000002QZ8XEAW\"  data-calculation=\"0\">Sierra Leona<\/option><option value=\"a0W41000002QZ8YEAW\"  data-calculation=\"0\">Singapur<\/option><option value=\"a0W41000002QZ8ZEAW\"  data-calculation=\"0\">Eslovaquia<\/option><option value=\"a0W41000002QZ8aEAG\"  data-calculation=\"0\">Vietnam<\/option><option value=\"a0W41000002QZ8bEAG\"  data-calculation=\"0\">Eslovenia<\/option><option value=\"a0W41000002QZ8cEAG\"  data-calculation=\"0\">Somalia<\/option><option value=\"a0W41000002QZ8dEAG\"  data-calculation=\"0\">Sud\u00e1frica<\/option><option value=\"a0W41000002QZ8eEAG\"  data-calculation=\"0\">Zimbabue<\/option><option value=\"a0W41000002QZ8fEAG\"  data-calculation=\"0\">Espa\u00f1a<\/option><option value=\"a0W41000002QZ8gEAG\"  data-calculation=\"0\">Suriname<\/option><option value=\"a0W41000002QZ8hEAG\"  data-calculation=\"0\">Suazilandia<\/option><option value=\"a0W41000002QZ8iEAG\"  data-calculation=\"0\">Suecia<\/option><option value=\"a0W41000002QZ8jEAG\"  data-calculation=\"0\">Suiza<\/option><option value=\"a0W41000002QZ8kEAG\"  data-calculation=\"0\">Siria<\/option><option value=\"a0W41000002QZ8lEAG\"  data-calculation=\"0\">Tailandia<\/option><option value=\"a0W41000002QZ8mEAG\"  data-calculation=\"0\">Togo<\/option><option value=\"a0W41000002QZ8nEAG\"  data-calculation=\"0\">Trinidad Y Tobago<\/option><option value=\"a0W41000002QZ8oEAG\"  data-calculation=\"0\">Emiratos Arabes Unidos<\/option><option value=\"a0W41000002QZ8pEAG\"  data-calculation=\"0\">T\u00fanez<\/option><option value=\"a0W41000002QZ8qEAG\"  data-calculation=\"0\">Turqu\u00eda<\/option><option value=\"a0W41000002QZ8rEAG\"  data-calculation=\"0\">Isla Turcas y Caicos<\/option><option value=\"a0W41000002QZ8sEAG\"  data-calculation=\"0\">Uganda<\/option><option value=\"a0W41000002QZ8tEAG\"  data-calculation=\"0\">Ucrania<\/option><option value=\"a0W41000002QZ6eEAG\"  data-calculation=\"0\">Taiwan<\/option><option value=\"a0W41000002QZ6fEAG\"  data-calculation=\"0\">Colombia<\/option><option value=\"a0W41000002QZ6gEAG\"  data-calculation=\"0\">Mayotte<\/option><option value=\"a0W41000002QZ6hEAG\"  data-calculation=\"0\">Rep\u00fablica del Congo<\/option><option value=\"a0W41000002QZ6iEAG\"  data-calculation=\"0\">Rep\u00fablica Democr\u00e1tica del Congo<\/option><option value=\"a0W41000002QZ6jEAG\"  data-calculation=\"0\">Costa Rica<\/option><option value=\"a0W41000002QZ6kEAG\"  data-calculation=\"0\">Croacia<\/option><option value=\"a0W41000002QZ6lEAG\"  data-calculation=\"0\">Cuba<\/option><option value=\"a0W41000002QZ6mEAG\"  data-calculation=\"0\">Chipre<\/option><option value=\"a0W41000002QZ6nEAG\"  data-calculation=\"0\">Rep\u00fablica Checa<\/option><option value=\"a0W41000002QZ6oEAG\"  data-calculation=\"0\">Ben\u00edn<\/option><option value=\"a0W41000002QZ6pEAG\"  data-calculation=\"0\">Dinamarca<\/option><option value=\"a0W41000002QZ6qEAG\"  data-calculation=\"0\">Dominica<\/option><option value=\"a0W41000002QZ6rEAG\"  data-calculation=\"0\">Rep\u00fablica Dominicana<\/option><option value=\"a0W41000002QZ6sEAG\"  data-calculation=\"0\">Ecuador<\/option><option value=\"a0W41000002QZ6tEAG\"  data-calculation=\"0\">El Salvador<\/option><option value=\"a0W41000002QZ6uEAG\"  data-calculation=\"0\">Guinea Ecuatoriana<\/option><option value=\"a0W41000002QZ6vEAG\"  data-calculation=\"0\">Etiop\u00eda<\/option><option value=\"a0W41000002QZ6wEAG\"  data-calculation=\"0\">Estonia<\/option><option value=\"a0W41000002QZ6xEAG\"  data-calculation=\"0\">Fiyi<\/option><option value=\"a0W41000002QZ6yEAG\"  data-calculation=\"0\">Finlandia<\/option><option value=\"a0W41000002QZ6zEAG\"  data-calculation=\"0\">Francia<\/option><option value=\"a0W41000002QZ70EAG\"  data-calculation=\"0\">Guyana Francesa<\/option><option value=\"a0W41000002QZ71EAG\"  data-calculation=\"0\">Polinesia Francesa<\/option><option value=\"a0W41000002QZ72EAG\"  data-calculation=\"0\">Gab\u00f3n<\/option><option value=\"a0W41000002QZ73EAG\"  data-calculation=\"0\">Georgia<\/option><option value=\"a0W41000002QZ74EAG\"  data-calculation=\"0\">Alemania<\/option><option value=\"a0W41000002QZ75EAG\"  data-calculation=\"0\">Ghana<\/option><option value=\"a0W41000002QZ76EAG\"  data-calculation=\"0\">Gibraltar<\/option><option value=\"a0W41000002QZ77EAG\"  data-calculation=\"0\">Grecia<\/option><option value=\"a0W41000002QZ78EAG\"  data-calculation=\"0\">Granada<\/option><option value=\"a0W41000002QZ79EAG\"  data-calculation=\"0\">Isla Guadalupe<\/option><option value=\"a0W41000002QZ7AEAW\"  data-calculation=\"0\">Guam<\/option><option value=\"a0W41000002QZ7BEAW\"  data-calculation=\"0\">Guatemala<\/option><option value=\"a0W41000002QZ7CEAW\"  data-calculation=\"0\">Guyana<\/option><option value=\"a0W41000002QZ7DEAW\"  data-calculation=\"0\">Hait\u00ed<\/option><option value=\"a0W41000002QZ7EEAW\"  data-calculation=\"0\">Islas Heardy McDonald<\/option><option value=\"a0W41000002QZ7FEAW\"  data-calculation=\"0\">Estado del Vaticano<\/option><option value=\"a0W41000002QZ7GEAW\"  data-calculation=\"0\">Honduras<\/option><option value=\"a0W41000002QZ7HEAW\"  data-calculation=\"0\">Hong Kong<\/option><option value=\"a0W41000002QZ7IEAW\"  data-calculation=\"0\">Hungr\u00eda<\/option><option value=\"a0W41000002QZ7JEAW\"  data-calculation=\"0\">Islandia<\/option><option value=\"a0W41000002QZ7KEAW\"  data-calculation=\"0\">India<\/option><option value=\"a0W41000002QZ7LEAW\"  data-calculation=\"0\">Indonesia<\/option><option value=\"a0W41000002QZ7MEAW\"  data-calculation=\"0\">Ir\u00e1n<\/option><option value=\"a0W41000002QZ7NEAW\"  data-calculation=\"0\">Iraq<\/option><option value=\"a0W41000002QZ7OEAW\"  data-calculation=\"0\">Irlanda<\/option><option value=\"a0W41000002QZ7PEAW\"  data-calculation=\"0\">Israel<\/option><option value=\"a0W41000002QZ7QEAW\"  data-calculation=\"0\">Italia<\/option><option value=\"a0W41000002QZ7REAW\"  data-calculation=\"0\">Costa de Marfil<\/option><option value=\"a0W41000002QZ7SEAW\"  data-calculation=\"0\">Jamaica<\/option><option value=\"a0W41000002QZ7TEAW\"  data-calculation=\"0\">Jap\u00f3n<\/option><option value=\"a0W41000002QZ7UEAW\"  data-calculation=\"0\">Jordania<\/option><option value=\"a0W41000002QZ7VEAW\"  data-calculation=\"0\">Kenia<\/option><option value=\"a0W41000002QZ7WEAW\"  data-calculation=\"0\">Corea del Norte<\/option><option value=\"a0W41000002QZ7XEAW\"  data-calculation=\"0\">Corea del Sur<\/option><option value=\"a0W41000002QZ7YEAW\"  data-calculation=\"0\">Kuwait<\/option><option value=\"a0W41000002QZ7ZEAW\"  data-calculation=\"0\">L\u00edbano<\/option><option value=\"a0W41000002QZ7aEAG\"  data-calculation=\"0\">Letonia<\/option><option value=\"a0W41000002QZ7bEAG\"  data-calculation=\"0\">Liberia<\/option><option value=\"a0W41000002QZ7cEAG\"  data-calculation=\"0\">Libia<\/option><option value=\"a0W41000002QZ7dEAG\"  data-calculation=\"0\">Liechtenstein<\/option><option value=\"a0W41000002QZ7eEAG\"  data-calculation=\"0\">Lituania<\/option><option value=\"a0W41000002QZ7fEAG\"  data-calculation=\"0\">Luxemburgo<\/option><option value=\"a0W41000002QZ7gEAG\"  data-calculation=\"0\">Macao<\/option><option value=\"a0W41000002QZ7hEAG\"  data-calculation=\"0\">Malaui<\/option><option value=\"a0W41000002QZ7iEAG\"  data-calculation=\"0\">Malasia<\/option><option value=\"a0W41000002QZ7jEAG\"  data-calculation=\"0\">Maldivas<\/option><option value=\"a0W41000002QZ7kEAG\"  data-calculation=\"0\">Mal\u00ed<\/option><option value=\"a0W41000002QZ7lEAG\"  data-calculation=\"0\">Malta<\/option><option value=\"a0W41000002QZ7mEAG\"  data-calculation=\"0\">Isla Martinica<\/option><option value=\"a0W41000002QZ7nEAG\"  data-calculation=\"0\">Mauricio<\/option><option value=\"a0W41000002QZ7oEAG\"  data-calculation=\"0\">M\u00e9xico<\/option><option value=\"a0W41000002QZ7pEAG\"  data-calculation=\"0\">M\u00f3naco<\/option><option value=\"a0W41000002QZ7qEAG\"  data-calculation=\"0\">Mongolia<\/option><option value=\"a0W41000002QZ7rEAG\"  data-calculation=\"0\">Isla Montserrat<\/option><option value=\"a0W41000002QZ7sEAG\"  data-calculation=\"0\">Marruecos<\/option><option value=\"a0W41000002QZ7tEAG\"  data-calculation=\"0\">Mozambique<\/option><option value=\"a0W41000002QZ7uEAG\"  data-calculation=\"0\">Om\u00e1n<\/option><option value=\"a0W41000002QZ7vEAG\"  data-calculation=\"0\">Holanda<\/option><option value=\"a0W41000002QZ7wEAG\"  data-calculation=\"0\">Antillas Holandesas<\/option><option value=\"a0W41000002QZ7xEAG\"  data-calculation=\"0\">Curacao<\/option><option value=\"a0W41000002QZ7yEAG\"  data-calculation=\"0\">Aruba<\/option><option value=\"a0W41000002QZ7zEAG\"  data-calculation=\"0\">Nueva Caledonia<\/option><option value=\"a0W41000002QZ80EAG\"  data-calculation=\"0\">Vanuatu<\/option><option value=\"a0W41000002QZ81EAG\"  data-calculation=\"0\">Nueva Zelandia<\/option><option value=\"a0W41000002QZ82EAG\"  data-calculation=\"0\">Nicaragua<\/option><option value=\"a0W41000002QZ83EAG\"  data-calculation=\"0\">N\u00edger<\/option><option value=\"a0W41000002QZ84EAG\"  data-calculation=\"0\">Nigeria<\/option><option value=\"a0W41000002QZ85EAG\"  data-calculation=\"0\">Niue<\/option><option value=\"a0W41000002QZ86EAG\"  data-calculation=\"0\">Noruega<\/option><option value=\"a0W41000002QZ87EAG\"  data-calculation=\"0\">Islas Menores De U.S.A.<\/option><option value=\"a0W41000002QZ88EAG\"  data-calculation=\"0\">Micronesia<\/option><option value=\"a0W41000002QZ89EAG\"  data-calculation=\"0\">Palaos<\/option><option value=\"a0W41000002QZ8uEAG\"  data-calculation=\"0\">Egipto<\/option><option value=\"a0W41000002QZ8vEAG\"  data-calculation=\"0\">Reino Unido<\/option><option value=\"a0W41000002QZ8wEAG\"  data-calculation=\"0\">Tanzania<\/option><option value=\"a0W41000002QZ8xEAG\"  data-calculation=\"0\">Estados Unidos<\/option><option value=\"a0W41000002QZ8yEAG\"  data-calculation=\"0\">Islas V\u00edrgenes Americanas<\/option><option value=\"a0W41000002QZ8zEAG\"  data-calculation=\"0\">Burkina Faso<\/option><option value=\"a0W41000002QZ90EAG\"  data-calculation=\"0\">Uruguay<\/option><option value=\"a0W41000002QZ91EAG\"  data-calculation=\"0\">Uzbekist\u00e1n<\/option><option value=\"a0W41000002QZ92EAG\"  data-calculation=\"0\">Venezuela<\/option><option value=\"a0W41000002QZ93EAG\"  data-calculation=\"0\">Samoa<\/option><option value=\"a0W41000002QZ94EAG\"  data-calculation=\"0\">Yemen<\/option><option value=\"a0W41000002QZ95EAG\"  data-calculation=\"0\">Yugoslavia<\/option><option value=\"a0W41000002QZ96EAG\"  data-calculation=\"0\">Zambia<\/option><option value=\"a0W41000002QZ97EAG\"  data-calculation=\"0\">Zona Libre Puerto Cortes<\/option><option value=\"a0W41000002QZ98EAG\"  data-calculation=\"0\">ND<\/option><option value=\"a0W1K00000RzePtUAJ\"  data-calculation=\"0\">Sint Maarten<\/option><option value=\"a0W1K00000SdRWqUAN\"  data-calculation=\"0\">Montenegro<\/option><\/select><\/div><\/div><\/div><div class=\"forminator-row\"><div id=\"textarea-1\" class=\"forminator-col forminator-col-12 \"><div class=\"forminator-field\"><label for=\"forminator-field-textarea-1_69d7cbf21a8d3\" id=\"forminator-field-textarea-1_69d7cbf21a8d3-label\" class=\"forminator-label\">Comments<\/label><textarea name=\"textarea-1\" placeholder=\"\" id=\"forminator-field-textarea-1_69d7cbf21a8d3\" class=\"forminator-textarea\" rows=\"6\" style=\"min-height:140px;\" ><\/textarea><\/div><\/div><\/div><div class=\"forminator-row forminator-hidden\"><input type=\"hidden\" id=\"hidden-1_69d7cbf21a8d3\" name=\"hidden-1\" value=\"en\" \/><\/div><div class=\"forminator-row\"><div id=\"captcha-1\" class=\"forminator-col forminator-col-12 \"><div class=\"forminator-g-recaptcha recaptcha-invisible\" data-theme=\"light\" data-badge=\"inline\" data-sitekey=\"6Lf7wd0pAAAAAHB50yCGRtmXDzOAhZJMgshcH1bs\" data-size=\"invisible\"><\/div> <\/div><\/div><input type=\"hidden\" name=\"referer_url\" value=\"\" \/><div class=\"forminator-row forminator-row-last\"><div class=\"forminator-col\"><div class=\"forminator-field\"><button class=\"forminator-button forminator-button-submit\">Send Message<\/button><\/div><\/div><\/div><input type=\"hidden\" id=\"forminator_nonce\" name=\"forminator_nonce\" value=\"ec98287c96\" \/><input type=\"hidden\" name=\"_wp_http_referer\" value=\"\/en\/wp-json\/wp\/v2\/pages\/19125\" \/><input type=\"hidden\" name=\"form_id\" value=\"19081\"><input type=\"hidden\" name=\"page_id\" value=\"19125\"><input type=\"hidden\" name=\"form_type\" value=\"default\"><input type=\"hidden\" name=\"current_url\" value=\"https:\/\/buyfromcostarica.com\/en\/contact-us\/\"><input type=\"hidden\" name=\"render_id\" value=\"0\"><input type=\"hidden\" name=\"action\" value=\"forminator_submit_form_custom-forms\"><\/form>\n","protected":false},"excerpt":{"rendered":"","protected":false},"author":1,"featured_media":0,"parent":0,"menu_order":0,"comment_status":"closed","ping_status":"closed","template":"template-contact.php","meta":{"footnotes":""},"class_list":["post-19125","page","type-page","status-publish","hentry"],"acf":[],"_links":{"self":[{"href":"https:\/\/buyfromcostarica.com\/en\/wp-json\/wp\/v2\/pages\/19125","targetHints":{"allow":["GET"]}}],"collection":[{"href":"https:\/\/buyfromcostarica.com\/en\/wp-json\/wp\/v2\/pages"}],"about":[{"href":"https:\/\/buyfromcostarica.com\/en\/wp-json\/wp\/v2\/types\/page"}],"author":[{"embeddable":true,"href":"https:\/\/buyfromcostarica.com\/en\/wp-json\/wp\/v2\/users\/1"}],"replies":[{"embeddable":true,"href":"https:\/\/buyfromcostarica.com\/en\/wp-json\/wp\/v2\/comments?post=19125"}],"version-history":[{"count":0,"href":"https:\/\/buyfromcostarica.com\/en\/wp-json\/wp\/v2\/pages\/19125\/revisions"}],"wp:attachment":[{"href":"https:\/\/buyfromcostarica.com\/en\/wp-json\/wp\/v2\/media?parent=19125"}],"curies":[{"name":"wp","href":"https:\/\/api.w.org\/{rel}","templated":true}]}}