{"id":18872,"date":"2023-06-21T04:54:42","date_gmt":"2023-06-21T10:54:42","guid":{"rendered":"https:\/\/buyfromcostarica.com\/product\/project-and-business-case-formulation-for-private-and-public-investors-revision-de-los-terminos-de-referencia-de-las-convocatorias-cuando-aplique-formulacion-de-los-objetivos-entregables-alcances\/"},"modified":"2023-06-21T05:02:49","modified_gmt":"2023-06-21T05:02:49","slug":"project-and-business-case-formulation-for-private-and-public-investors-revision-de-los-terminos-de-referencia-de-las-convocatorias-cuando-aplique-formulacion-de-los-objetivos-entregables-alcances","status":"publish","type":"product","link":"https:\/\/buyfromcostarica.com\/en\/product\/project-and-business-case-formulation-for-private-and-public-investors-revision-de-los-terminos-de-referencia-de-las-convocatorias-cuando-aplique-formulacion-de-los-objetivos-entregables-alcances\/","title":{"rendered":"Project and business case formulation for private and public investors.Revisi\u00f3n de los t\u00e9rminos de referencia de las convocatorias, cuando aplique, formulaci\u00f3n de los objetivos, entregables, alcances y dem\u00e1s elementos requeridos para la presentaci\u00f3n exitosa ante las entidades definidas. Preparaci\u00f3n de las presentaciones \u201cpitch decks\u201d y detalladas, as\u00ed como el seguimiento de los procesos de postulaci\u00f3n."},"author":935,"featured_media":0,"template":"","meta":[],"class_list":["post-18872","product","type-product","status-publish","hentry","sectores-biotechnology","sectores-services"],"acf":[],"_links":{"self":[{"href":"https:\/\/buyfromcostarica.com\/en\/wp-json\/wp\/v2\/product\/18872","targetHints":{"allow":["GET"]}}],"collection":[{"href":"https:\/\/buyfromcostarica.com\/en\/wp-json\/wp\/v2\/product"}],"about":[{"href":"https:\/\/buyfromcostarica.com\/en\/wp-json\/wp\/v2\/types\/product"}],"author":[{"embeddable":true,"href":"https:\/\/buyfromcostarica.com\/en\/wp-json\/wp\/v2\/users\/935"}],"wp:attachment":[{"href":"https:\/\/buyfromcostarica.com\/en\/wp-json\/wp\/v2\/media?parent=18872"}],"curies":[{"name":"wp","href":"https:\/\/api.w.org\/{rel}","templated":true}]}}